{"id":71,"date":"2025-09-30T21:06:56","date_gmt":"2025-09-30T21:06:56","guid":{"rendered":"https:\/\/achado.com.pt\/wp\/?page_id=71"},"modified":"2025-10-30T16:01:50","modified_gmt":"2025-10-30T16:01:50","slug":"nossa-historia","status":"publish","type":"page","link":"https:\/\/achado.com.pt\/wp\/nossa-historia\/","title":{"rendered":"Nossa Hist\u00f3ria"},"content":{"rendered":"\t\t<div data-elementor-type=\"wp-page\" data-elementor-id=\"71\" class=\"elementor elementor-71\">\n\t\t\t\t<div class=\"elementor-element elementor-element-915960f e-flex e-con-boxed e-con e-parent\" data-id=\"915960f\" data-element_type=\"container\" data-settings=\"{&quot;background_background&quot;:&quot;slideshow&quot;,&quot;background_slideshow_gallery&quot;:[{&quot;id&quot;:237,&quot;url&quot;:&quot;https:\\\/\\\/achado.com.pt\\\/wp\\\/wp-content\\\/uploads\\\/2025\\\/10\\\/RA-25-01-1640-scaled.webp&quot;},{&quot;id&quot;:238,&quot;url&quot;:&quot;https:\\\/\\\/achado.com.pt\\\/wp\\\/wp-content\\\/uploads\\\/2025\\\/10\\\/RA-25-01-1396-scaled.webp&quot;},{&quot;id&quot;:240,&quot;url&quot;:&quot;https:\\\/\\\/achado.com.pt\\\/wp\\\/wp-content\\\/uploads\\\/2025\\\/10\\\/RA-25-01-0039-scaled.webp&quot;},{&quot;id&quot;:239,&quot;url&quot;:&quot;https:\\\/\\\/achado.com.pt\\\/wp\\\/wp-content\\\/uploads\\\/2025\\\/10\\\/PA-25-01-0308-scaled.webp&quot;}],&quot;background_slideshow_ken_burns&quot;:&quot;yes&quot;,&quot;background_slideshow_loop&quot;:&quot;yes&quot;,&quot;background_slideshow_slide_duration&quot;:5000,&quot;background_slideshow_slide_transition&quot;:&quot;fade&quot;,&quot;background_slideshow_transition_duration&quot;:500,&quot;background_slideshow_ken_burns_zoom_direction&quot;:&quot;in&quot;}\">\n\t\t\t\t\t<div class=\"e-con-inner\">\n\t\t<div class=\"elementor-element elementor-element-43a340ee e-con-full e-flex e-con e-child\" data-id=\"43a340ee\" data-element_type=\"container\">\n\t\t<div class=\"elementor-element elementor-element-325c8034 e-con-full animated-slow e-flex elementor-invisible e-con e-child\" data-id=\"325c8034\" data-element_type=\"container\" data-settings=\"{&quot;animation&quot;:&quot;fadeIn&quot;}\">\n\t\t<div class=\"elementor-element elementor-element-2b30b5e2 e-con-full e-flex e-con e-child\" data-id=\"2b30b5e2\" data-element_type=\"container\">\n\t\t\t\t<div class=\"elementor-element elementor-element-426b7280 elementor-widget elementor-widget-heading\" data-id=\"426b7280\" data-element_type=\"widget\" data-widget_type=\"heading.default\">\n\t\t\t\t\t<h1 class=\"elementor-heading-title elementor-size-default\">Sabores que surpreendem, detalhes que encantam.<\/h1>\t\t\t\t<\/div>\n\t\t\t\t<\/div>\n\t\t<div class=\"elementor-element elementor-element-3c45f343 e-con-full e-flex e-con e-child\" data-id=\"3c45f343\" data-element_type=\"container\">\n\t\t\t\t<div class=\"elementor-element elementor-element-e8145fa elementor-widget elementor-widget-text-editor\" data-id=\"e8145fa\" data-element_type=\"widget\" data-widget_type=\"text-editor.default\">\n\t\t\t\t\t\t\t\t\t<p>Aqui, cada prato \u00e9 um convite a descobrir novos horizontes gastron\u00f3micos, com a coragem de reinventar o que conheces.<\/p>\t\t\t\t\t\t\t\t<\/div>\n\t\t\t\t<\/div>\n\t\t\t\t<\/div>\n\t\t<div class=\"elementor-element elementor-element-633315c e-con-full e-flex e-con e-child\" data-id=\"633315c\" data-element_type=\"container\">\n\t\t<div class=\"elementor-element elementor-element-17e4e4f6 e-con-full e-flex e-con e-child\" data-id=\"17e4e4f6\" data-element_type=\"container\">\n\t\t\t\t<\/div>\n\t\t\t\t<\/div>\n\t\t\t\t<\/div>\n\t\t\t\t\t<\/div>\n\t\t\t\t<\/div>\n\t\t<div class=\"elementor-element elementor-element-39d96c1d e-flex e-con-boxed e-con e-parent\" data-id=\"39d96c1d\" data-element_type=\"container\">\n\t\t\t\t\t<div class=\"e-con-inner\">\n\t\t<div class=\"elementor-element elementor-element-9dab471 e-con-full e-flex e-con e-child\" data-id=\"9dab471\" data-element_type=\"container\" data-settings=\"{&quot;background_background&quot;:&quot;classic&quot;}\">\n\t\t\t\t<\/div>\n\t\t<div class=\"elementor-element elementor-element-54bbc73e e-con-full e-flex e-con e-child\" data-id=\"54bbc73e\" data-element_type=\"container\">\n\t\t<div class=\"elementor-element elementor-element-328377f2 e-con-full animated-slow e-flex elementor-invisible e-con e-child\" data-id=\"328377f2\" data-element_type=\"container\" data-settings=\"{&quot;animation&quot;:&quot;fadeInRight&quot;}\">\n\t\t<div class=\"elementor-element elementor-element-1635e3b7 e-con-full e-flex e-con e-child\" data-id=\"1635e3b7\" data-element_type=\"container\">\n\t\t\t\t<div class=\"elementor-element elementor-element-55e88533 animated-fast elementor-invisible elementor-widget elementor-widget-heading\" data-id=\"55e88533\" data-element_type=\"widget\" data-settings=\"{&quot;_animation&quot;:&quot;fadeInRight&quot;,&quot;_animation_delay&quot;:400}\" data-widget_type=\"heading.default\">\n\t\t\t\t\t<h2 class=\"elementor-heading-title elementor-size-default\">A Nossa Hist\u00f3ria<\/h2>\t\t\t\t<\/div>\n\t\t\t\t<div class=\"elementor-element elementor-element-42ddc6d elementor-widget__width-initial animated-fast elementor-invisible elementor-widget elementor-widget-text-editor\" data-id=\"42ddc6d\" data-element_type=\"widget\" data-settings=\"{&quot;_animation&quot;:&quot;fadeInRight&quot;,&quot;_animation_delay&quot;:400}\" data-widget_type=\"text-editor.default\">\n\t\t\t\t\t\t\t\t\t<p>Dois sonhadores: Mykhaylo Petrunyak, da cidade de Kolomyya, na Ucr\u00e2nia, e sua esposa \u00c9rika Petrunyak, de Caruaru, no Brasil, encontraram em Portugal o lugar para criar algo especial.<\/p><p>Assim nasceu o <span class=\"notranslate\">Achado by Petrunyak:<\/span> restaurante e pastelaria, lado a lado, unidos pelo mesmo prop\u00f3sito: surpreender e emocionar atrav\u00e9s do sabor.<\/p><p>No cora\u00e7\u00e3o de Albufeira, cri\u00e1mos um restaurante elegante e uma pastelaria sofisticada, ambos inspirados pelas nossas viagens e pelo desejo de deixar mem\u00f3rias atrav\u00e9s do paladar.<\/p>\t\t\t\t\t\t\t\t<\/div>\n\t\t\t\t<\/div>\n\t\t<div class=\"elementor-element elementor-element-179f4147 e-con-full e-flex e-con e-child\" data-id=\"179f4147\" data-element_type=\"container\">\n\t\t<div class=\"elementor-element elementor-element-55596728 e-con-full animated-fast e-flex elementor-invisible e-con e-child\" data-id=\"55596728\" data-element_type=\"container\" data-settings=\"{&quot;animation&quot;:&quot;fadeInRight&quot;,&quot;animation_delay&quot;:400}\">\n\t\t\t\t<div class=\"elementor-element elementor-element-b4b82f3 elementor-widget__width-initial elementor-widget elementor-widget-text-editor\" data-id=\"b4b82f3\" data-element_type=\"widget\" data-widget_type=\"text-editor.default\">\n\t\t\t\t\t\t\t\t\t<p><em>Cada prato \u00e9 uma viagem servida \u00e0 mesa.<\/em><\/p>\t\t\t\t\t\t\t\t<\/div>\n\t\t<div class=\"elementor-element elementor-element-10ec143c e-con-full e-flex e-con e-child\" data-id=\"10ec143c\" data-element_type=\"container\">\n\t\t\t\t<div class=\"elementor-element elementor-element-5f5bedbf elementor-position-left elementor-vertical-align-middle elementor-widget elementor-widget-image-box\" data-id=\"5f5bedbf\" data-element_type=\"widget\" data-widget_type=\"image-box.default\">\n\t\t\t\t\t<div class=\"elementor-image-box-wrapper\"><figure class=\"elementor-image-box-img\"><img fetchpriority=\"high\" decoding=\"async\" width=\"1706\" height=\"2560\" src=\"https:\/\/achado.com.pt\/wp\/wp-content\/uploads\/2025\/10\/RA-25-02-0012-scaled.webp\" class=\"attachment-full size-full wp-image-245\" alt=\"\" srcset=\"https:\/\/achado.com.pt\/wp\/wp-content\/uploads\/2025\/10\/RA-25-02-0012-scaled.webp 1706w, https:\/\/achado.com.pt\/wp\/wp-content\/uploads\/2025\/10\/RA-25-02-0012-200x300.webp 200w, https:\/\/achado.com.pt\/wp\/wp-content\/uploads\/2025\/10\/RA-25-02-0012-683x1024.webp 683w, https:\/\/achado.com.pt\/wp\/wp-content\/uploads\/2025\/10\/RA-25-02-0012-768x1152.webp 768w, https:\/\/achado.com.pt\/wp\/wp-content\/uploads\/2025\/10\/RA-25-02-0012-1024x1536.webp 1024w, https:\/\/achado.com.pt\/wp\/wp-content\/uploads\/2025\/10\/RA-25-02-0012-1365x2048.webp 1365w\" sizes=\"(max-width: 1706px) 100vw, 1706px\" \/><\/figure><div class=\"elementor-image-box-content\"><h3 class=\"elementor-image-box-title\">Mykhaylo Petrunyak<\/h3><p class=\"elementor-image-box-description\">Chef<\/p><\/div><\/div>\t\t\t\t<\/div>\n\t\t\t\t<\/div>\n\t\t\t\t<\/div>\n\t\t\t\t<\/div>\n\t\t\t\t<\/div>\n\t\t\t\t<\/div>\n\t\t\t\t\t<\/div>\n\t\t\t\t<\/div>\n\t\t<div class=\"elementor-element elementor-element-085e0ee e-flex e-con-boxed e-con e-parent\" data-id=\"085e0ee\" data-element_type=\"container\">\n\t\t\t\t\t<div class=\"e-con-inner\">\n\t\t<div class=\"elementor-element elementor-element-68456ae e-con-full e-flex e-con e-child\" data-id=\"68456ae\" data-element_type=\"container\" data-settings=\"{&quot;background_background&quot;:&quot;classic&quot;}\">\n\t\t\t\t<\/div>\n\t\t<div class=\"elementor-element elementor-element-2d6d589 e-con-full e-flex e-con e-child\" data-id=\"2d6d589\" data-element_type=\"container\">\n\t\t<div class=\"elementor-element elementor-element-bdb90bf e-con-full animated-slow e-flex elementor-invisible e-con e-child\" data-id=\"bdb90bf\" data-element_type=\"container\" data-settings=\"{&quot;animation&quot;:&quot;fadeInRight&quot;}\">\n\t\t<div class=\"elementor-element elementor-element-a5b8a66 e-con-full e-flex e-con e-child\" data-id=\"a5b8a66\" data-element_type=\"container\">\n\t\t\t\t<div class=\"elementor-element elementor-element-12094ee animated-fast elementor-invisible elementor-widget elementor-widget-heading\" data-id=\"12094ee\" data-element_type=\"widget\" data-settings=\"{&quot;_animation&quot;:&quot;fadeInLeft&quot;,&quot;_animation_delay&quot;:400}\" data-widget_type=\"heading.default\">\n\t\t\t\t\t<h2 class=\"elementor-heading-title elementor-size-default\">O nome  <span class=\"notranslate\">\"Achado\"<\/span>\n<\/h2>\t\t\t\t<\/div>\n\t\t\t\t<div class=\"elementor-element elementor-element-774d594 elementor-widget__width-initial animated-fast elementor-invisible elementor-widget elementor-widget-text-editor\" data-id=\"774d594\" data-element_type=\"widget\" data-settings=\"{&quot;_animation&quot;:&quot;fadeInLeft&quot;,&quot;_animation_delay&quot;:400}\" data-widget_type=\"text-editor.default\">\n\t\t\t\t\t\t\t\t\t<p>Desejava que o nosso espa\u00e7o fosse mais do que um restaurante ou uma pastelaria: queria que fosse um verdadeiro achado na vida das pessoas. E assim nasceu o nome.<\/p>\t\t\t\t\t\t\t\t<\/div>\n\t\t\t\t<\/div>\n\t\t\t\t<\/div>\n\t\t\t\t<\/div>\n\t\t\t\t\t<\/div>\n\t\t\t\t<\/div>\n\t\t<div class=\"elementor-element elementor-element-73ae02d6 e-flex e-con-boxed e-con e-parent\" data-id=\"73ae02d6\" data-element_type=\"container\" data-settings=\"{&quot;background_background&quot;:&quot;classic&quot;}\">\n\t\t\t\t\t<div class=\"e-con-inner\">\n\t\t<div class=\"elementor-element elementor-element-7299d9b6 e-con-full animated-slow e-flex elementor-invisible e-con e-child\" data-id=\"7299d9b6\" data-element_type=\"container\" data-settings=\"{&quot;background_background&quot;:&quot;classic&quot;,&quot;animation&quot;:&quot;fadeInLeft&quot;}\">\n\t\t\t\t<div class=\"elementor-element elementor-element-5c06e951 animated-fast elementor-invisible elementor-widget elementor-widget-heading\" data-id=\"5c06e951\" data-element_type=\"widget\" data-settings=\"{&quot;_animation&quot;:&quot;fadeInUp&quot;,&quot;_animation_delay&quot;:400}\" data-widget_type=\"heading.default\">\n\t\t\t\t\t<h2 class=\"elementor-heading-title elementor-size-default\">Cada detalhe conta uma hist\u00f3ria<\/h2>\t\t\t\t<\/div>\n\t\t\t\t<div class=\"elementor-element elementor-element-1a370c84 animated-fast elementor-invisible elementor-widget elementor-widget-text-editor\" data-id=\"1a370c84\" data-element_type=\"widget\" data-settings=\"{&quot;_animation&quot;:&quot;fadeInUp&quot;,&quot;_animation_delay&quot;:500}\" data-widget_type=\"text-editor.default\">\n\t\t\t\t\t\t\t\t\t<p>Porque comer aqui \u00e9 mais do que provar sabores: <strong>\u00e9 criar mem\u00f3rias.<\/strong><\/p>\t\t\t\t\t\t\t\t<\/div>\n\t\t\t\t<\/div>\n\t\t\t\t\t<\/div>\n\t\t\t\t<\/div>\n\t\t<div class=\"elementor-element elementor-element-50e10b96 e-flex e-con-boxed e-con e-parent\" data-id=\"50e10b96\" data-element_type=\"container\">\n\t\t\t\t\t<div class=\"e-con-inner\">\n\t\t<div class=\"elementor-element elementor-element-3f74e8dc e-con-full e-flex e-con e-child\" data-id=\"3f74e8dc\" data-element_type=\"container\">\n\t\t\t\t<div class=\"elementor-element elementor-element-962bf02 elementor-widget elementor-widget-heading\" data-id=\"962bf02\" data-element_type=\"widget\" data-widget_type=\"heading.default\">\n\t\t\t\t\t<h2 class=\"elementor-heading-title elementor-size-default\">O Chef<\/h2>\t\t\t\t<\/div>\n\t\t\t\t<div class=\"elementor-element elementor-element-50bbd1b elementor-widget elementor-widget-text-editor\" data-id=\"50bbd1b\" data-element_type=\"widget\" data-widget_type=\"text-editor.default\">\n\t\t\t\t\t\t\t\t\t<p>De carpinteiro na Ucr\u00e2nia a chef no Algarve, a hist\u00f3ria de Mykhaylo Petrunyak \u00e9 feita de resili\u00eancia e paix\u00e3o. Hoje, lidera o <span class=\"notranslate\">Achado<\/span> com uma cozinha contempor\u00e2nea e autoral, marcada pela coragem de reinventar tradi\u00e7\u00f5es.<\/p>\t\t\t\t\t\t\t\t<\/div>\n\t\t\t\t<\/div>\n\t\t<div class=\"elementor-element elementor-element-5237dd31 e-con-full e-flex e-con e-child\" data-id=\"5237dd31\" data-element_type=\"container\">\n\t\t<div class=\"elementor-element elementor-element-22eaecfe e-con-full animated-fast e-flex elementor-invisible e-con e-child\" data-id=\"22eaecfe\" data-element_type=\"container\" data-settings=\"{&quot;background_background&quot;:&quot;classic&quot;,&quot;animation&quot;:&quot;fadeInLeft&quot;,&quot;animation_delay&quot;:400}\">\n\t\t\t\t<\/div>\n\t\t<div class=\"elementor-element elementor-element-1a616b7 e-con-full e-flex e-con e-child\" data-id=\"1a616b7\" data-element_type=\"container\">\n\t\t<div class=\"elementor-element elementor-element-639f1e40 e-con-full e-flex e-con e-child\" data-id=\"639f1e40\" data-element_type=\"container\">\n\t\t<div class=\"elementor-element elementor-element-365f8126 e-con-full animated-fast e-flex elementor-invisible e-con e-child\" data-id=\"365f8126\" data-element_type=\"container\" data-settings=\"{&quot;background_background&quot;:&quot;classic&quot;,&quot;animation&quot;:&quot;fadeInDown&quot;,&quot;animation_delay&quot;:400}\">\n\t\t\t\t<\/div>\n\t\t<div class=\"elementor-element elementor-element-1fb35f05 e-con-full animated-fast e-flex elementor-invisible e-con e-child\" data-id=\"1fb35f05\" data-element_type=\"container\" data-settings=\"{&quot;background_background&quot;:&quot;classic&quot;,&quot;animation&quot;:&quot;fadeInRight&quot;,&quot;animation_delay&quot;:400}\">\n\t\t\t\t<\/div>\n\t\t\t\t<\/div>\n\t\t<div class=\"elementor-element elementor-element-66b2a87e e-con-full e-flex e-con e-child\" data-id=\"66b2a87e\" data-element_type=\"container\">\n\t\t<div class=\"elementor-element elementor-element-26a341a2 e-con-full animated-fast e-flex elementor-invisible e-con e-child\" data-id=\"26a341a2\" data-element_type=\"container\" data-settings=\"{&quot;background_background&quot;:&quot;classic&quot;,&quot;animation&quot;:&quot;fadeInUp&quot;,&quot;animation_delay&quot;:400}\">\n\t\t\t\t<\/div>\n\t\t<div class=\"elementor-element elementor-element-2d689901 e-con-full animated-fast e-flex elementor-invisible e-con e-child\" data-id=\"2d689901\" data-element_type=\"container\" data-settings=\"{&quot;background_background&quot;:&quot;classic&quot;,&quot;animation&quot;:&quot;fadeInRight&quot;,&quot;animation_delay&quot;:400}\">\n\t\t\t\t<\/div>\n\t\t\t\t<\/div>\n\t\t\t\t<\/div>\n\t\t\t\t<\/div>\n\t\t\t\t\t<\/div>\n\t\t\t\t<\/div>\n\t\t<div class=\"elementor-element elementor-element-21d2a1d e-flex e-con-boxed e-con e-parent\" data-id=\"21d2a1d\" data-element_type=\"container\">\n\t\t\t\t\t<div class=\"e-con-inner\">\n\t\t<div class=\"elementor-element elementor-element-f87cc88 e-con-full e-flex e-con e-child\" data-id=\"f87cc88\" data-element_type=\"container\" data-settings=\"{&quot;background_background&quot;:&quot;classic&quot;}\">\n\t\t\t\t<\/div>\n\t\t<div class=\"elementor-element elementor-element-4dc7132 e-con-full e-flex e-con e-child\" data-id=\"4dc7132\" data-element_type=\"container\">\n\t\t<div class=\"elementor-element elementor-element-0881577 e-con-full animated-slow e-flex elementor-invisible e-con e-child\" data-id=\"0881577\" data-element_type=\"container\" data-settings=\"{&quot;animation&quot;:&quot;fadeInRight&quot;}\">\n\t\t<div class=\"elementor-element elementor-element-7ba9707 e-con-full e-flex e-con e-child\" data-id=\"7ba9707\" data-element_type=\"container\">\n\t\t\t\t<div class=\"elementor-element elementor-element-184e336 elementor-widget elementor-widget-heading\" data-id=\"184e336\" data-element_type=\"widget\" data-widget_type=\"heading.default\">\n\t\t\t\t\t<h2 class=\"elementor-heading-title elementor-size-default\">Inspira\u00e7\u00e3o<\/h2>\t\t\t\t<\/div>\n\t\t\t\t<div class=\"elementor-element elementor-element-ec60d84 elementor-widget__width-initial elementor-widget elementor-widget-text-editor\" data-id=\"ec60d84\" data-element_type=\"widget\" data-widget_type=\"text-editor.default\">\n\t\t\t\t\t\t\t\t\t<p>As viagens pelo mundo, as ra\u00edzes ucranianas, a tradi\u00e7\u00e3o portuguesa e a criatividade espanhola moldaram o seu estilo, uma cozinha que cruza culturas e transforma viv\u00eancias em pratos memor\u00e1veis.<\/p><p>A sua forma\u00e7\u00e3o na Escola de Hotelaria em Portugal foi um ponto de viragem: de copeiro a aluno, de aluno a formador, sempre guiado pelo rigor t\u00e9cnico e pela paix\u00e3o por partilhar conhecimento. Entre as refer\u00eancias que marcaram o seu percurso, destaca-se a influ\u00eancia de grandes chefs espanh\u00f3is, cuja criatividade e disciplina o inspiraram a ousar cada vez mais.<\/p>\t\t\t\t\t\t\t\t<\/div>\n\t\t\t\t<\/div>\n\t\t<div class=\"elementor-element elementor-element-71bd130 e-con-full e-flex e-con e-child\" data-id=\"71bd130\" data-element_type=\"container\">\n\t\t<div class=\"elementor-element elementor-element-6f7b55e e-con-full e-flex e-con e-child\" data-id=\"6f7b55e\" data-element_type=\"container\">\n\t\t\t\t<div class=\"elementor-element elementor-element-756114d elementor-widget__width-initial elementor-widget elementor-widget-text-editor\" data-id=\"756114d\" data-element_type=\"widget\" data-widget_type=\"text-editor.default\">\n\t\t\t\t\t\t\t\t\t<p><em>A minha cozinha \u00e9 feita de viagens, viv\u00eancias e da coragem de criar algo novo a cada dia.<\/em><\/p>\t\t\t\t\t\t\t\t<\/div>\n\t\t<div class=\"elementor-element elementor-element-81c82b3 e-con-full e-flex e-con e-child\" data-id=\"81c82b3\" data-element_type=\"container\">\n\t\t\t\t<div class=\"elementor-element elementor-element-cfb3e4d elementor-position-left elementor-vertical-align-middle elementor-widget elementor-widget-image-box\" data-id=\"cfb3e4d\" data-element_type=\"widget\" data-widget_type=\"image-box.default\">\n\t\t\t\t\t<div class=\"elementor-image-box-wrapper\"><figure class=\"elementor-image-box-img\"><img decoding=\"async\" width=\"1536\" height=\"2048\" src=\"https:\/\/achado.com.pt\/wp\/wp-content\/uploads\/2025\/10\/IMG-20250904-WA0027.webp\" class=\"attachment-full size-full wp-image-242\" alt=\"\" srcset=\"https:\/\/achado.com.pt\/wp\/wp-content\/uploads\/2025\/10\/IMG-20250904-WA0027.webp 1536w, https:\/\/achado.com.pt\/wp\/wp-content\/uploads\/2025\/10\/IMG-20250904-WA0027-225x300.webp 225w, https:\/\/achado.com.pt\/wp\/wp-content\/uploads\/2025\/10\/IMG-20250904-WA0027-768x1024.webp 768w, https:\/\/achado.com.pt\/wp\/wp-content\/uploads\/2025\/10\/IMG-20250904-WA0027-1152x1536.webp 1152w\" sizes=\"(max-width: 1536px) 100vw, 1536px\" \/><\/figure><div class=\"elementor-image-box-content\"><h3 class=\"elementor-image-box-title\">Mykhaylo Petrunyak<\/h3><p class=\"elementor-image-box-description\">Chef<\/p><\/div><\/div>\t\t\t\t<\/div>\n\t\t\t\t<\/div>\n\t\t\t\t<\/div>\n\t\t\t\t<\/div>\n\t\t\t\t<\/div>\n\t\t\t\t<\/div>\n\t\t\t\t\t<\/div>\n\t\t\t\t<\/div>\n\t\t<div class=\"elementor-element elementor-element-62f6ec71 e-flex e-con-boxed e-con e-parent\" data-id=\"62f6ec71\" data-element_type=\"container\" data-settings=\"{&quot;background_background&quot;:&quot;classic&quot;}\">\n\t\t\t\t\t<div class=\"e-con-inner\">\n\t\t<div class=\"elementor-element elementor-element-15e3698b e-con-full e-flex e-con e-child\" data-id=\"15e3698b\" data-element_type=\"container\">\n\t\t<div class=\"elementor-element elementor-element-f5bfbf2 e-con-full animated-slow e-flex elementor-invisible e-con e-child\" data-id=\"f5bfbf2\" data-element_type=\"container\" data-settings=\"{&quot;animation&quot;:&quot;fadeIn&quot;}\">\n\t\t\t\t<div class=\"elementor-element elementor-element-74fe0d7e elementor-widget elementor-widget-heading\" data-id=\"74fe0d7e\" data-element_type=\"widget\" data-widget_type=\"heading.default\">\n\t\t\t\t\t<h2 class=\"elementor-heading-title elementor-size-default\">Nossa Filosofia<\/h2>\t\t\t\t<\/div>\n\t\t\t\t<div class=\"elementor-element elementor-element-1382c430 elementor-widget elementor-widget-text-editor\" data-id=\"1382c430\" data-element_type=\"widget\" data-widget_type=\"text-editor.default\">\n\t\t\t\t\t\t\t\t\t<p>No detalhe est\u00e1 a sofistica\u00e7\u00e3o. Cada prato \u00e9 pensado como um convite a descobrires algo \u00fanico.<\/p>\t\t\t\t\t\t\t\t<\/div>\n\t\t<div class=\"elementor-element elementor-element-57fa948 e-con-full e-flex e-con e-child\" data-id=\"57fa948\" data-element_type=\"container\">\n\t\t<div class=\"elementor-element elementor-element-96e883b e-con-full animated-fast e-flex elementor-invisible e-con e-child\" data-id=\"96e883b\" data-element_type=\"container\" data-settings=\"{&quot;background_background&quot;:&quot;classic&quot;,&quot;animation&quot;:&quot;fadeInLeft&quot;,&quot;animation_delay&quot;:400}\">\n\t\t\t\t<\/div>\n\t\t<div class=\"elementor-element elementor-element-c6230e0 e-con-full e-flex e-con e-child\" data-id=\"c6230e0\" data-element_type=\"container\">\n\t\t<div class=\"elementor-element elementor-element-1451488 e-con-full e-flex e-con e-child\" data-id=\"1451488\" data-element_type=\"container\">\n\t\t<div class=\"elementor-element elementor-element-93197c8 e-con-full animated-fast e-flex elementor-invisible e-con e-child\" data-id=\"93197c8\" data-element_type=\"container\" data-settings=\"{&quot;background_background&quot;:&quot;classic&quot;,&quot;animation&quot;:&quot;fadeInDown&quot;,&quot;animation_delay&quot;:400}\">\n\t\t\t\t<\/div>\n\t\t<div class=\"elementor-element elementor-element-c34e048 e-con-full animated-fast e-flex elementor-invisible e-con e-child\" data-id=\"c34e048\" data-element_type=\"container\" data-settings=\"{&quot;background_background&quot;:&quot;classic&quot;,&quot;animation&quot;:&quot;fadeInRight&quot;,&quot;animation_delay&quot;:400}\">\n\t\t\t\t<\/div>\n\t\t\t\t<\/div>\n\t\t<div class=\"elementor-element elementor-element-397674d e-con-full e-flex e-con e-child\" data-id=\"397674d\" data-element_type=\"container\">\n\t\t<div class=\"elementor-element elementor-element-f1dcc61 e-con-full animated-fast e-flex elementor-invisible e-con e-child\" data-id=\"f1dcc61\" data-element_type=\"container\" data-settings=\"{&quot;background_background&quot;:&quot;classic&quot;,&quot;animation&quot;:&quot;fadeInUp&quot;,&quot;animation_delay&quot;:400}\">\n\t\t\t\t<\/div>\n\t\t<div class=\"elementor-element elementor-element-a3754ad e-con-full animated-fast e-flex elementor-invisible e-con e-child\" data-id=\"a3754ad\" data-element_type=\"container\" data-settings=\"{&quot;background_background&quot;:&quot;classic&quot;,&quot;animation&quot;:&quot;fadeInRight&quot;,&quot;animation_delay&quot;:400}\">\n\t\t\t\t<\/div>\n\t\t\t\t<\/div>\n\t\t\t\t<\/div>\n\t\t\t\t<\/div>\n\t\t\t\t<\/div>\n\t\t<div class=\"elementor-element elementor-element-ce0a1e4 e-con-full animated-slow e-flex elementor-invisible e-con e-child\" data-id=\"ce0a1e4\" data-element_type=\"container\" data-settings=\"{&quot;animation&quot;:&quot;fadeIn&quot;}\">\n\t\t\t\t<div class=\"elementor-element elementor-element-2ba19f2 elementor-widget elementor-widget-text-editor\" data-id=\"2ba19f2\" data-element_type=\"widget\" data-widget_type=\"text-editor.default\">\n\t\t\t\t\t\t\t\t\t<p><strong><em>O meu objetivo \u00e9 simples: surpreender quem se senta \u00e0 mesa.<\/em><\/strong><\/p>\t\t\t\t\t\t\t\t<\/div>\n\t\t\t\t<\/div>\n\t\t\t\t<\/div>\n\t\t\t\t\t<\/div>\n\t\t\t\t<\/div>\n\t\t\t\t<\/div>\n\t\t","protected":false},"excerpt":{"rendered":"<p>Sabores que surpreendem, detalhes que encantam. Aqui, cada prato \u00e9 um convite a descobrir novos horizontes gastron\u00f3micos, com a coragem de reinventar o que conheces. A Nossa Hist\u00f3ria Dois sonhadores: Mykhaylo Petrunyak, da cidade de Kolomyya, na Ucr\u00e2nia, e sua esposa \u00c9rika Petrunyak, de Caruaru, no Brasil, encontraram em Portugal o lugar para criar algo [&hellip;]<\/p>\n","protected":false},"author":1,"featured_media":0,"parent":0,"menu_order":0,"comment_status":"closed","ping_status":"closed","template":"elementor_canvas","meta":{"footnotes":""},"class_list":["post-71","page","type-page","status-publish","hentry"],"_links":{"self":[{"href":"https:\/\/achado.com.pt\/wp\/wp-json\/wp\/v2\/pages\/71","targetHints":{"allow":["GET"]}}],"collection":[{"href":"https:\/\/achado.com.pt\/wp\/wp-json\/wp\/v2\/pages"}],"about":[{"href":"https:\/\/achado.com.pt\/wp\/wp-json\/wp\/v2\/types\/page"}],"author":[{"embeddable":true,"href":"https:\/\/achado.com.pt\/wp\/wp-json\/wp\/v2\/users\/1"}],"replies":[{"embeddable":true,"href":"https:\/\/achado.com.pt\/wp\/wp-json\/wp\/v2\/comments?post=71"}],"version-history":[{"count":70,"href":"https:\/\/achado.com.pt\/wp\/wp-json\/wp\/v2\/pages\/71\/revisions"}],"predecessor-version":[{"id":566,"href":"https:\/\/achado.com.pt\/wp\/wp-json\/wp\/v2\/pages\/71\/revisions\/566"}],"wp:attachment":[{"href":"https:\/\/achado.com.pt\/wp\/wp-json\/wp\/v2\/media?parent=71"}],"curies":[{"name":"wp","href":"https:\/\/api.w.org\/{rel}","templated":true}]}}